{"id":7,"date":"2025-07-11T09:47:29","date_gmt":"2025-07-11T09:47:29","guid":{"rendered":"https:\/\/vibecrew.al\/gogelwientest\/?page_id=7"},"modified":"2025-10-28T08:14:25","modified_gmt":"2025-10-28T08:14:25","slug":"what-we-do","status":"publish","type":"page","link":"https:\/\/www.gogel.wien\/de\/what-we-do\/","title":{"rendered":"Was Wir Tun"},"content":{"rendered":"<div data-elementor-type=\"wp-post\" data-elementor-id=\"7\" class=\"elementor elementor-7\">\n\t\t\t\t<div class=\"elementor-element elementor-element-d804cf3 e-con-full e-flex e-con e-parent\" data-id=\"d804cf3\" data-element_type=\"container\">\n\t\t\t\t<div class=\"elementor-element elementor-element-ef17087 elementor-widget elementor-widget-spacer\" data-id=\"ef17087\" data-element_type=\"widget\" data-widget_type=\"spacer.default\">\n\t\t\t\t\t\t\t<div class=\"elementor-spacer\">\n\t\t\t<div class=\"elementor-spacer-inner\"><\/div>\n\t\t<\/div>\n\t\t\t\t\t\t<\/div>\n\t\t\t\t<div class=\"elementor-element elementor-element-4c2e76d elementor-widget elementor-widget-heading\" data-id=\"4c2e76d\" data-element_type=\"widget\" data-widget_type=\"heading.default\">\n\t\t\t\t\t<h2 class=\"elementor-heading-title elementor-size-default\">Was Wir Tun<\/h2>\t\t\t\t<\/div>\n\t\t\t\t<\/div>\n\t\t<div class=\"elementor-element elementor-element-7308b2c elementor-hidden-mobile e-con-full e-flex e-con e-parent\" data-id=\"7308b2c\" data-element_type=\"container\">\n\t\t<div class=\"elementor-element elementor-element-2b03203 e-con-full e-flex e-con e-child\" data-id=\"2b03203\" data-element_type=\"container\">\n\t\t\t\t<div class=\"elementor-element elementor-element-da242df elementor-widget elementor-widget-spacer\" data-id=\"da242df\" data-element_type=\"widget\" data-widget_type=\"spacer.default\">\n\t\t\t\t\t\t\t<div class=\"elementor-spacer\">\n\t\t\t<div class=\"elementor-spacer-inner\"><\/div>\n\t\t<\/div>\n\t\t\t\t\t\t<\/div>\n\t\t\t\t<div class=\"elementor-element elementor-element-a9dde5f elementor-widget elementor-widget-heading\" data-id=\"a9dde5f\" data-element_type=\"widget\" data-widget_type=\"heading.default\">\n\t\t\t\t\t<h2 class=\"elementor-heading-title elementor-size-default\">Markenidentit\u00e4t<\/h2>\t\t\t\t<\/div>\n\t\t\t\t<div class=\"elementor-element elementor-element-a00fc6f elementor-widget elementor-widget-text-editor\" data-id=\"a00fc6f\" data-element_type=\"widget\" data-widget_type=\"text-editor.default\">\n\t\t\t\t\t\t\t\t\t<p>Bei Gogel wissen wir, dass eine starke Marke weit mehr ist als nur ein Logo oder eine Farbpalette. Sie vermittelt ein klares Wertversprechen, spiegelt eine einzigartige Pers\u00f6nlichkeit wider und schafft eine konsistente Identit\u00e4t, die Ihre Geschichte erz\u00e4hlt.<\/p><ul><li>Umfassende Markenanalyse und Positionierung<\/li><li>Definition der Markenpers\u00f6nlichkeit &amp; Messaging-Struktur<\/li><li>Visuelle Identit\u00e4t, Richtlinien &amp; Umsetzung<\/li><\/ul>\t\t\t\t\t\t\t\t<\/div>\n\t\t\t\t<\/div>\n\t\t<div class=\"elementor-element elementor-element-dd00e90 e-con-full e-flex e-con e-child\" data-id=\"dd00e90\" data-element_type=\"container\">\n\t\t\t\t<div class=\"elementor-element elementor-element-475c3f3 elementor-widget elementor-widget-image\" data-id=\"475c3f3\" data-element_type=\"widget\" data-widget_type=\"image.default\">\n\t\t\t\t\t\t\t\t\t\t\t\t\t\t\t<img fetchpriority=\"high\" decoding=\"async\" width=\"300\" height=\"293\" src=\"https:\/\/www.gogel.wien\/wp-content\/uploads\/2025\/07\/Rectangle-31-300x293.jpg\" class=\"attachment-medium size-medium wp-image-405\" alt=\"\" srcset=\"https:\/\/www.gogel.wien\/wp-content\/uploads\/2025\/07\/Rectangle-31-300x293.jpg 300w, https:\/\/www.gogel.wien\/wp-content\/uploads\/2025\/07\/Rectangle-31-12x12.jpg 12w, https:\/\/www.gogel.wien\/wp-content\/uploads\/2025\/07\/Rectangle-31.jpg 693w\" sizes=\"(max-width: 300px) 100vw, 300px\" \/>\t\t\t\t\t\t\t\t\t\t\t\t\t\t\t<\/div>\n\t\t\t\t<\/div>\n\t\t\t\t<\/div>\n\t\t<div class=\"elementor-element elementor-element-e7af657 elementor-hidden-desktop elementor-hidden-tablet e-con-full e-flex e-con e-parent\" data-id=\"e7af657\" data-element_type=\"container\">\n\t\t<div class=\"elementor-element elementor-element-301c96f e-con-full e-flex e-con e-child\" data-id=\"301c96f\" data-element_type=\"container\">\n\t\t\t\t<div class=\"elementor-element elementor-element-6e4b877 elementor-widget elementor-widget-heading\" data-id=\"6e4b877\" data-element_type=\"widget\" data-widget_type=\"heading.default\">\n\t\t\t\t\t<h2 class=\"elementor-heading-title elementor-size-default\">Markenidentit\u00e4t<\/h2>\t\t\t\t<\/div>\n\t\t\t\t<div class=\"elementor-element elementor-element-be9af3e elementor-widget elementor-widget-text-editor\" data-id=\"be9af3e\" data-element_type=\"widget\" data-widget_type=\"text-editor.default\">\n\t\t\t\t\t\t\t\t\t<p>Bei Gogel wissen wir, dass eine starke Marke weit mehr ist als nur ein Logo oder eine Farbpalette. Sie vermittelt ein klares Wertversprechen, spiegelt eine einzigartige Pers\u00f6nlichkeit wider und schafft eine konsistente Identit\u00e4t, die Ihre Geschichte erz\u00e4hlt.<\/p><ul><li>Umfassende Markenanalyse und Positionierung<\/li><li>Definition der Markenpers\u00f6nlichkeit &amp; Messaging-Struktur<\/li><li>Visuelle Identit\u00e4t, Richtlinien &amp; Umsetzung<\/li><\/ul>\t\t\t\t\t\t\t\t<\/div>\n\t\t\t\t<\/div>\n\t\t<div class=\"elementor-element elementor-element-8e6e822 e-con-full e-flex e-con e-child\" data-id=\"8e6e822\" data-element_type=\"container\">\n\t\t\t\t<div class=\"elementor-element elementor-element-6c3072b elementor-widget elementor-widget-image\" data-id=\"6c3072b\" data-element_type=\"widget\" data-widget_type=\"image.default\">\n\t\t\t\t\t\t\t\t\t\t\t\t\t\t\t<img decoding=\"async\" width=\"693\" height=\"677\" src=\"https:\/\/www.gogel.wien\/wp-content\/uploads\/2025\/07\/Rectangle-31.jpg\" class=\"attachment-medium_large size-medium_large wp-image-405\" alt=\"\" srcset=\"https:\/\/www.gogel.wien\/wp-content\/uploads\/2025\/07\/Rectangle-31.jpg 693w, https:\/\/www.gogel.wien\/wp-content\/uploads\/2025\/07\/Rectangle-31-300x293.jpg 300w, https:\/\/www.gogel.wien\/wp-content\/uploads\/2025\/07\/Rectangle-31-12x12.jpg 12w\" sizes=\"(max-width: 693px) 100vw, 693px\" \/>\t\t\t\t\t\t\t\t\t\t\t\t\t\t\t<\/div>\n\t\t\t\t<\/div>\n\t\t\t\t<\/div>\n\t\t<div class=\"elementor-element elementor-element-6ce72f1 elementor-hidden-desktop elementor-hidden-tablet e-con-full e-flex e-con e-parent\" data-id=\"6ce72f1\" data-element_type=\"container\">\n\t\t<div class=\"elementor-element elementor-element-d2e9a39 e-con-full e-flex e-con e-child\" data-id=\"d2e9a39\" data-element_type=\"container\">\n\t\t\t\t<div class=\"elementor-element elementor-element-24329d3 elementor-widget elementor-widget-heading\" data-id=\"24329d3\" data-element_type=\"widget\" data-widget_type=\"heading.default\">\n\t\t\t\t\t<h2 class=\"elementor-heading-title elementor-size-default\">Kampagnen-Setup &amp; Inhalte<\/h2>\t\t\t\t<\/div>\n\t\t\t\t<div class=\"elementor-element elementor-element-f733ab4 elementor-widget elementor-widget-text-editor\" data-id=\"f733ab4\" data-element_type=\"widget\" data-widget_type=\"text-editor.default\">\n\t\t\t\t\t\t\t\t\t<p>Kampagnen, die Aufmerksamkeit schaffen und Vertrauen aufbauen.\nUnsere integrierte Methodik vereint strategisches Denken, kreative Inhalte und pr\u00e4zise Aussteuerung.<br \/>Kampagnen, die Besucher in \u00fcberzeugte Kunden verwandeln. Unser integrierter Ansatz vereint:\u201c<\/p><ul><li>Content-Erstellung &amp; Storytelling<\/li><li>Gezielte Durchf\u00fchrung bezahlter Anzeigen (Display &amp; Search)<\/li><\/ul>\t\t\t\t\t\t\t\t<\/div>\n\t\t\t\t<\/div>\n\t\t<div class=\"elementor-element elementor-element-9e92403 e-con-full e-flex e-con e-child\" data-id=\"9e92403\" data-element_type=\"container\">\n\t\t\t\t<div class=\"elementor-element elementor-element-b83c83a elementor-widget elementor-widget-image\" data-id=\"b83c83a\" data-element_type=\"widget\" data-widget_type=\"image.default\">\n\t\t\t\t\t\t\t\t\t\t\t\t\t\t\t<img decoding=\"async\" width=\"693\" height=\"672\" src=\"https:\/\/www.gogel.wien\/wp-content\/uploads\/2025\/07\/Rectangle-30-2.jpg\" class=\"attachment-medium_large size-medium_large wp-image-406\" alt=\"\" srcset=\"https:\/\/www.gogel.wien\/wp-content\/uploads\/2025\/07\/Rectangle-30-2.jpg 693w, https:\/\/www.gogel.wien\/wp-content\/uploads\/2025\/07\/Rectangle-30-2-300x291.jpg 300w, https:\/\/www.gogel.wien\/wp-content\/uploads\/2025\/07\/Rectangle-30-2-12x12.jpg 12w\" sizes=\"(max-width: 693px) 100vw, 693px\" \/>\t\t\t\t\t\t\t\t\t\t\t\t\t\t\t<\/div>\n\t\t\t\t<\/div>\n\t\t\t\t<\/div>\n\t\t<div class=\"elementor-element elementor-element-b69e578 elementor-hidden-desktop elementor-hidden-tablet e-con-full e-flex e-con e-parent\" data-id=\"b69e578\" data-element_type=\"container\">\n\t\t<div class=\"elementor-element elementor-element-dbf0082 e-con-full e-flex e-con e-child\" data-id=\"dbf0082\" data-element_type=\"container\">\n\t\t\t\t<div class=\"elementor-element elementor-element-03f6b4d elementor-widget elementor-widget-heading\" data-id=\"03f6b4d\" data-element_type=\"widget\" data-widget_type=\"heading.default\">\n\t\t\t\t\t<h2 class=\"elementor-heading-title elementor-size-default\">SEO-Strategie &amp; Umsetzung<\/h2>\t\t\t\t<\/div>\n\t\t\t\t<div class=\"elementor-element elementor-element-58ad6e3 elementor-widget elementor-widget-text-editor\" data-id=\"58ad6e3\" data-element_type=\"widget\" data-widget_type=\"text-editor.default\">\n\t\t\t\t\t\t\t\t\t<p>Eine durchdachte und nachhaltige SEO-Strategie bringt Sie an die Spitze der Suchergebnisse \u2013 und direkt vor Ihre ideale Zielgruppe.\nUnsere SEO-Leistungen umfassen:<\/p><ul><li>Technisches Audit &amp; On-Page-Optimierung<\/li><li>Keyword-Recherche &amp; Content-Planung<\/li><li>Linkaufbau &amp; Leistungs\u00fcberwachung<\/li><\/ul>\t\t\t\t\t\t\t\t<\/div>\n\t\t\t\t<\/div>\n\t\t<div class=\"elementor-element elementor-element-1e5f5e0 e-con-full e-flex e-con e-child\" data-id=\"1e5f5e0\" data-element_type=\"container\">\n\t\t\t\t<div class=\"elementor-element elementor-element-04e0ee8 elementor-widget elementor-widget-image\" data-id=\"04e0ee8\" data-element_type=\"widget\" data-widget_type=\"image.default\">\n\t\t\t\t\t\t\t\t\t\t\t\t\t\t\t<img loading=\"lazy\" decoding=\"async\" width=\"693\" height=\"681\" src=\"https:\/\/www.gogel.wien\/wp-content\/uploads\/2025\/07\/Rectangle-32-1.jpg\" class=\"attachment-medium_large size-medium_large wp-image-408\" alt=\"\" srcset=\"https:\/\/www.gogel.wien\/wp-content\/uploads\/2025\/07\/Rectangle-32-1.jpg 693w, https:\/\/www.gogel.wien\/wp-content\/uploads\/2025\/07\/Rectangle-32-1-300x295.jpg 300w, https:\/\/www.gogel.wien\/wp-content\/uploads\/2025\/07\/Rectangle-32-1-12x12.jpg 12w\" sizes=\"(max-width: 693px) 100vw, 693px\" \/>\t\t\t\t\t\t\t\t\t\t\t\t\t\t\t<\/div>\n\t\t\t\t<\/div>\n\t\t\t\t<\/div>\n\t\t<div class=\"elementor-element elementor-element-451e8a5 elementor-hidden-desktop elementor-hidden-tablet e-con-full e-flex e-con e-parent\" data-id=\"451e8a5\" data-element_type=\"container\">\n\t\t<div class=\"elementor-element elementor-element-3e82cc9 e-con-full e-flex e-con e-child\" data-id=\"3e82cc9\" data-element_type=\"container\">\n\t\t\t\t<div class=\"elementor-element elementor-element-ffa7370 elementor-widget elementor-widget-heading\" data-id=\"ffa7370\" data-element_type=\"widget\" data-widget_type=\"heading.default\">\n\t\t\t\t\t<h2 class=\"elementor-heading-title elementor-size-default\">Website-Entwicklung<\/h2>\t\t\t\t<\/div>\n\t\t\t\t<div class=\"elementor-element elementor-element-bae7c05 elementor-widget elementor-widget-text-editor\" data-id=\"bae7c05\" data-element_type=\"widget\" data-widget_type=\"text-editor.default\">\n\t\t\t\t\t\t\t\t\t<p>Your website is your 24\/7 storefront. We build and maintain fast, user-friendly sites and web<br \/>apps that delight visitors and drive conversions:<\/p><ul><li>Individuelles UX\/UI-Design &amp; Prototyping<\/li><li>Responsives Frontend &amp; skalierbares Backend<\/li><li>Kontinuierliche Analyse, A\/B-Tests &amp; Iteration<\/li><\/ul>\t\t\t\t\t\t\t\t<\/div>\n\t\t\t\t<\/div>\n\t\t<div class=\"elementor-element elementor-element-c60dbc2 e-con-full e-flex e-con e-child\" data-id=\"c60dbc2\" data-element_type=\"container\">\n\t\t\t\t<div class=\"elementor-element elementor-element-844551f elementor-widget elementor-widget-image\" data-id=\"844551f\" data-element_type=\"widget\" data-widget_type=\"image.default\">\n\t\t\t\t\t\t\t\t\t\t\t\t\t\t\t<img loading=\"lazy\" decoding=\"async\" width=\"693\" height=\"674\" src=\"https:\/\/www.gogel.wien\/wp-content\/uploads\/2025\/07\/Rectangle-33.jpg\" class=\"attachment-medium_large size-medium_large wp-image-407\" alt=\"\" srcset=\"https:\/\/www.gogel.wien\/wp-content\/uploads\/2025\/07\/Rectangle-33.jpg 693w, https:\/\/www.gogel.wien\/wp-content\/uploads\/2025\/07\/Rectangle-33-300x292.jpg 300w, https:\/\/www.gogel.wien\/wp-content\/uploads\/2025\/07\/Rectangle-33-12x12.jpg 12w\" sizes=\"(max-width: 693px) 100vw, 693px\" \/>\t\t\t\t\t\t\t\t\t\t\t\t\t\t\t<\/div>\n\t\t\t\t<\/div>\n\t\t\t\t<\/div>\n\t\t<div class=\"elementor-element elementor-element-24cd0d2 elementor-hidden-mobile e-con-full e-flex e-con e-parent\" data-id=\"24cd0d2\" data-element_type=\"container\">\n\t\t<div class=\"elementor-element elementor-element-949dd31 e-con-full e-flex e-con e-child\" data-id=\"949dd31\" data-element_type=\"container\">\n\t\t\t\t<div class=\"elementor-element elementor-element-26533d7 elementor-widget elementor-widget-image\" data-id=\"26533d7\" data-element_type=\"widget\" data-widget_type=\"image.default\">\n\t\t\t\t\t\t\t\t\t\t\t\t\t\t\t<img loading=\"lazy\" decoding=\"async\" width=\"300\" height=\"291\" src=\"https:\/\/www.gogel.wien\/wp-content\/uploads\/2025\/07\/Rectangle-30-2-300x291.jpg\" class=\"attachment-medium size-medium wp-image-406\" alt=\"\" srcset=\"https:\/\/www.gogel.wien\/wp-content\/uploads\/2025\/07\/Rectangle-30-2-300x291.jpg 300w, https:\/\/www.gogel.wien\/wp-content\/uploads\/2025\/07\/Rectangle-30-2-12x12.jpg 12w, https:\/\/www.gogel.wien\/wp-content\/uploads\/2025\/07\/Rectangle-30-2.jpg 693w\" sizes=\"(max-width: 300px) 100vw, 300px\" \/>\t\t\t\t\t\t\t\t\t\t\t\t\t\t\t<\/div>\n\t\t\t\t<\/div>\n\t\t<div class=\"elementor-element elementor-element-29b9bf3 e-con-full e-flex e-con e-child\" data-id=\"29b9bf3\" data-element_type=\"container\">\n\t\t\t\t<div class=\"elementor-element elementor-element-de013b4 elementor-widget elementor-widget-spacer\" data-id=\"de013b4\" data-element_type=\"widget\" data-widget_type=\"spacer.default\">\n\t\t\t\t\t\t\t<div class=\"elementor-spacer\">\n\t\t\t<div class=\"elementor-spacer-inner\"><\/div>\n\t\t<\/div>\n\t\t\t\t\t\t<\/div>\n\t\t\t\t<div class=\"elementor-element elementor-element-2cbaf67 elementor-widget elementor-widget-heading\" data-id=\"2cbaf67\" data-element_type=\"widget\" data-widget_type=\"heading.default\">\n\t\t\t\t\t<h2 class=\"elementor-heading-title elementor-size-default\">Kampagnen-Setup &amp; Inhalte<\/h2>\t\t\t\t<\/div>\n\t\t\t\t<div class=\"elementor-element elementor-element-9d9bb89 elementor-widget elementor-widget-text-editor\" data-id=\"9d9bb89\" data-element_type=\"widget\" data-widget_type=\"text-editor.default\">\n\t\t\t\t\t\t\t\t\t<p>Kampagnen, die Aufmerksamkeit schaffen und Vertrauen aufbauen.\nUnsere integrierte Methodik vereint strategisches Denken, kreative Inhalte und pr\u00e4zise Aussteuerung.<br \/>Kampagnen, die Besucher in \u00fcberzeugte Kunden verwandeln. Unser integrierter Ansatz vereint:\u201c<\/p><ul><li>Content-Erstellung &amp; Storytelling<\/li><li>Gezielte Durchf\u00fchrung bezahlter Anzeigen (Display &amp; Search)<\/li><\/ul>\t\t\t\t\t\t\t\t<\/div>\n\t\t\t\t<\/div>\n\t\t\t\t<\/div>\n\t\t<div class=\"elementor-element elementor-element-9202115 elementor-hidden-mobile e-con-full e-flex e-con e-parent\" data-id=\"9202115\" data-element_type=\"container\">\n\t\t<div class=\"elementor-element elementor-element-a533951 e-con-full e-flex e-con e-child\" data-id=\"a533951\" data-element_type=\"container\">\n\t\t\t\t<div class=\"elementor-element elementor-element-bea38b5 elementor-widget elementor-widget-spacer\" data-id=\"bea38b5\" data-element_type=\"widget\" data-widget_type=\"spacer.default\">\n\t\t\t\t\t\t\t<div class=\"elementor-spacer\">\n\t\t\t<div class=\"elementor-spacer-inner\"><\/div>\n\t\t<\/div>\n\t\t\t\t\t\t<\/div>\n\t\t\t\t<div class=\"elementor-element elementor-element-87a1586 elementor-widget elementor-widget-heading\" data-id=\"87a1586\" data-element_type=\"widget\" data-widget_type=\"heading.default\">\n\t\t\t\t\t<h2 class=\"elementor-heading-title elementor-size-default\">SEO-Strategie &amp; Umsetzung<\/h2>\t\t\t\t<\/div>\n\t\t\t\t<div class=\"elementor-element elementor-element-a78948e elementor-widget elementor-widget-text-editor\" data-id=\"a78948e\" data-element_type=\"widget\" data-widget_type=\"text-editor.default\">\n\t\t\t\t\t\t\t\t\t<p>Eine durchdachte und nachhaltige SEO-Strategie bringt Sie an die Spitze der Suchergebnisse \u2013 und direkt vor Ihre ideale Zielgruppe.\nUnsere SEO-Leistungen umfassen:<\/p><ul><li>Technisches Audit &amp; On-Page-Optimierung<\/li><li>Keyword-Recherche &amp; Content-Planung<\/li><li>Linkaufbau &amp; Leistungs\u00fcberwachung<\/li><\/ul>\t\t\t\t\t\t\t\t<\/div>\n\t\t\t\t<\/div>\n\t\t<div class=\"elementor-element elementor-element-438af04 e-con-full e-flex e-con e-child\" data-id=\"438af04\" data-element_type=\"container\">\n\t\t\t\t<div class=\"elementor-element elementor-element-74ae143 elementor-widget elementor-widget-image\" data-id=\"74ae143\" data-element_type=\"widget\" data-widget_type=\"image.default\">\n\t\t\t\t\t\t\t\t\t\t\t\t\t\t\t<img loading=\"lazy\" decoding=\"async\" width=\"300\" height=\"295\" src=\"https:\/\/www.gogel.wien\/wp-content\/uploads\/2025\/07\/Rectangle-32-1-300x295.jpg\" class=\"attachment-medium size-medium wp-image-408\" alt=\"\" srcset=\"https:\/\/www.gogel.wien\/wp-content\/uploads\/2025\/07\/Rectangle-32-1-300x295.jpg 300w, https:\/\/www.gogel.wien\/wp-content\/uploads\/2025\/07\/Rectangle-32-1-12x12.jpg 12w, https:\/\/www.gogel.wien\/wp-content\/uploads\/2025\/07\/Rectangle-32-1.jpg 693w\" sizes=\"(max-width: 300px) 100vw, 300px\" \/>\t\t\t\t\t\t\t\t\t\t\t\t\t\t\t<\/div>\n\t\t\t\t<\/div>\n\t\t\t\t<\/div>\n\t\t<div class=\"elementor-element elementor-element-0a8172d elementor-hidden-mobile e-con-full e-flex e-con e-parent\" data-id=\"0a8172d\" data-element_type=\"container\">\n\t\t<div class=\"elementor-element elementor-element-4a295cc e-con-full e-flex e-con e-child\" data-id=\"4a295cc\" data-element_type=\"container\">\n\t\t\t\t<div class=\"elementor-element elementor-element-a2bd77c elementor-widget elementor-widget-image\" data-id=\"a2bd77c\" data-element_type=\"widget\" data-widget_type=\"image.default\">\n\t\t\t\t\t\t\t\t\t\t\t\t\t\t\t<img loading=\"lazy\" decoding=\"async\" width=\"300\" height=\"292\" src=\"https:\/\/www.gogel.wien\/wp-content\/uploads\/2025\/07\/Rectangle-33-300x292.jpg\" class=\"attachment-medium size-medium wp-image-407\" alt=\"\" srcset=\"https:\/\/www.gogel.wien\/wp-content\/uploads\/2025\/07\/Rectangle-33-300x292.jpg 300w, https:\/\/www.gogel.wien\/wp-content\/uploads\/2025\/07\/Rectangle-33-12x12.jpg 12w, https:\/\/www.gogel.wien\/wp-content\/uploads\/2025\/07\/Rectangle-33.jpg 693w\" sizes=\"(max-width: 300px) 100vw, 300px\" \/>\t\t\t\t\t\t\t\t\t\t\t\t\t\t\t<\/div>\n\t\t\t\t<\/div>\n\t\t<div class=\"elementor-element elementor-element-c11ab05 e-con-full e-flex e-con e-child\" data-id=\"c11ab05\" data-element_type=\"container\">\n\t\t\t\t<div class=\"elementor-element elementor-element-00759b6 elementor-widget elementor-widget-spacer\" data-id=\"00759b6\" data-element_type=\"widget\" data-widget_type=\"spacer.default\">\n\t\t\t\t\t\t\t<div class=\"elementor-spacer\">\n\t\t\t<div class=\"elementor-spacer-inner\"><\/div>\n\t\t<\/div>\n\t\t\t\t\t\t<\/div>\n\t\t\t\t<div class=\"elementor-element elementor-element-f4d8c6f elementor-widget elementor-widget-heading\" data-id=\"f4d8c6f\" data-element_type=\"widget\" data-widget_type=\"heading.default\">\n\t\t\t\t\t<h2 class=\"elementor-heading-title elementor-size-default\">Website-Entwicklung<\/h2>\t\t\t\t<\/div>\n\t\t\t\t<div class=\"elementor-element elementor-element-cbb04e2 elementor-widget elementor-widget-text-editor\" data-id=\"cbb04e2\" data-element_type=\"widget\" data-widget_type=\"text-editor.default\">\n\t\t\t\t\t\t\t\t\t<p>Ihre Website ist Ihr Schaufenster \u2013 rund um die Uhr ge\u00f6ffnet.\nWir entwickeln und betreuen schnelle, benutzerfreundliche Websites und Web-Apps, die Besucher begeistern und Conversions f\u00f6rdern:<\/p><ul><li>Individuelles UX\/UI-Design &amp; Prototyping<\/li><li>Responsives Frontend &amp; skalierbares Backend<\/li><li>Kontinuierliche Analyse, A\/B-Tests &amp; Iteration<\/li><\/ul>\t\t\t\t\t\t\t\t<\/div>\n\t\t\t\t<\/div>\n\t\t\t\t<\/div>\n\t\t<div class=\"elementor-element elementor-element-8c22eee e-con-full e-flex e-con e-parent\" data-id=\"8c22eee\" data-element_type=\"container\">\n\t\t\t\t<div class=\"elementor-element elementor-element-7eff55a elementor-widget elementor-widget-spacer\" data-id=\"7eff55a\" data-element_type=\"widget\" data-widget_type=\"spacer.default\">\n\t\t\t\t\t\t\t<div class=\"elementor-spacer\">\n\t\t\t<div class=\"elementor-spacer-inner\"><\/div>\n\t\t<\/div>\n\t\t\t\t\t\t<\/div>\n\t\t\t\t<\/div>\n\t\t<div class=\"elementor-element elementor-element-1e24c52 e-grid e-con-full e-con e-parent\" data-id=\"1e24c52\" data-element_type=\"container\">\n\t\t\t\t<div class=\"elementor-element elementor-element-c13ec63 elementor-widget elementor-widget-heading\" data-id=\"c13ec63\" data-element_type=\"widget\" data-widget_type=\"heading.default\">\n\t\t\t\t\t<h2 class=\"elementor-heading-title elementor-size-default\">Bereit zu sehen, wie digitale Werbung zum Fixpreis Ihr Unternehmen transformieren kann?<\/h2>\t\t\t\t<\/div>\n\t\t\t\t<div class=\"elementor-element elementor-element-e064c99 elementor-align-center elementor-mobile-align-center elementor-widget elementor-widget-button\" data-id=\"e064c99\" data-element_type=\"widget\" data-widget_type=\"button.default\">\n\t\t\t\t\t\t\t\t\t\t<a class=\"elementor-button elementor-button-link elementor-size-sm\" href=\"https:\/\/www.gogel.wien\/de\/contact\/\">\n\t\t\t\t\t\t<span class=\"elementor-button-content-wrapper\">\n\t\t\t\t\t\t<span class=\"elementor-button-icon\">\n\t\t\t\t<svg aria-hidden=\"true\" class=\"e-font-icon-svg e-fas-long-arrow-alt-right\" viewbox=\"0 0 448 512\" xmlns=\"http:\/\/www.w3.org\/2000\/svg\"><path d=\"M313.941 216H12c-6.627 0-12 5.373-12 12v56c0 6.627 5.373 12 12 12h301.941v46.059c0 21.382 25.851 32.09 40.971 16.971l86.059-86.059c9.373-9.373 9.373-24.569 0-33.941l-86.059-86.059c-15.119-15.119-40.971-4.411-40.971 16.971V216z\"><\/path><\/svg>\t\t\t<\/span>\n\t\t\t\t\t\t\t\t\t<span class=\"elementor-button-text\">Kontakt Aufnehmen<\/span>\n\t\t\t\t\t<\/span>\n\t\t\t\t\t<\/a>\n\t\t\t\t\t\t\t\t<\/div>\n\t\t\t\t<\/div>\n\t\t\t\t<\/div>","protected":false},"excerpt":{"rendered":"<p>What we do Brand Identity At Gogel, we know that a great brand is more than a logo or color palette. It\u2019s a clear value proposition, a distinct personality, and a cohesive identity that tells your story. Deep-dive brand audit &amp; positioning Personality definition &amp; messaging framework Visual identity, guidelines &amp; rollout Brand Identity At [&hellip;]<\/p>","protected":false},"author":1,"featured_media":0,"parent":0,"menu_order":0,"comment_status":"closed","ping_status":"closed","template":"elementor_header_footer","meta":{"_eb_attr":"","footnotes":""},"class_list":["post-7","page","type-page","status-publish","hentry"],"_links":{"self":[{"href":"https:\/\/www.gogel.wien\/de\/wp-json\/wp\/v2\/pages\/7","targetHints":{"allow":["GET"]}}],"collection":[{"href":"https:\/\/www.gogel.wien\/de\/wp-json\/wp\/v2\/pages"}],"about":[{"href":"https:\/\/www.gogel.wien\/de\/wp-json\/wp\/v2\/types\/page"}],"author":[{"embeddable":true,"href":"https:\/\/www.gogel.wien\/de\/wp-json\/wp\/v2\/users\/1"}],"replies":[{"embeddable":true,"href":"https:\/\/www.gogel.wien\/de\/wp-json\/wp\/v2\/comments?post=7"}],"version-history":[{"count":101,"href":"https:\/\/www.gogel.wien\/de\/wp-json\/wp\/v2\/pages\/7\/revisions"}],"predecessor-version":[{"id":1030,"href":"https:\/\/www.gogel.wien\/de\/wp-json\/wp\/v2\/pages\/7\/revisions\/1030"}],"wp:attachment":[{"href":"https:\/\/www.gogel.wien\/de\/wp-json\/wp\/v2\/media?parent=7"}],"curies":[{"name":"wp","href":"https:\/\/api.w.org\/{rel}","templated":true}]}}